{"id":17694,"date":"2025-05-14T10:30:22","date_gmt":"2025-05-14T10:30:22","guid":{"rendered":"https:\/\/brayn.io\/?page_id=17694"},"modified":"2025-05-14T10:41:18","modified_gmt":"2025-05-14T10:41:18","slug":"kontakt","status":"publish","type":"page","link":"https:\/\/brayn.io\/en\/kontakt\/","title":{"rendered":"Kontakt"},"content":{"rendered":"<div data-elementor-type=\"wp-page\" data-elementor-id=\"17694\" class=\"elementor elementor-17694\" data-elementor-settings=\"{&quot;ha_cmc_init_switcher&quot;:&quot;no&quot;}\">\n\t\t\t\t\t\t<section class=\"elementor-section elementor-top-section elementor-element elementor-element-9df2dc1 elementor-section-boxed elementor-section-height-default elementor-section-height-default\" data-id=\"9df2dc1\" data-element_type=\"section\" data-settings=\"{&quot;background_background&quot;:&quot;classic&quot;,&quot;_ha_eqh_enable&quot;:false}\">\n\t\t\t\t\t\t\t<div class=\"elementor-background-overlay\"><\/div>\n\t\t\t\t\t\t\t<div class=\"elementor-container elementor-column-gap-default\">\n\t\t\t\t\t<div class=\"elementor-column elementor-col-100 elementor-top-column elementor-element elementor-element-f0989e7\" data-id=\"f0989e7\" data-element_type=\"column\">\n\t\t\t<div class=\"elementor-widget-wrap elementor-element-populated\">\n\t\t\t\t\t\t<div class=\"elementor-element elementor-element-bf003a7 elementor-widget__width-initial elementor-widget-mobile__width-inherit ha-has-bg-overlay elementor-invisible elementor-widget elementor-widget-heading\" data-id=\"bf003a7\" data-element_type=\"widget\" data-settings=\"{&quot;_animation&quot;:&quot;fadeInUp&quot;}\" data-widget_type=\"heading.default\">\n\t\t\t\t<div class=\"elementor-widget-container\">\n\t\t\t\t\t<h1 class=\"elementor-heading-title elementor-size-default\">Sie haben eine Idee? Wir setzen sie um.<\/h1>\t\t\t\t<\/div>\n\t\t\t\t<\/div>\n\t\t\t\t<section class=\"elementor-section elementor-inner-section elementor-element elementor-element-31e7ea5 elementor-section-boxed elementor-section-height-default elementor-section-height-default\" data-id=\"31e7ea5\" data-element_type=\"section\" data-settings=\"{&quot;_ha_eqh_enable&quot;:false}\">\n\t\t\t\t\t\t<div class=\"elementor-container elementor-column-gap-default\">\n\t\t\t\t\t<div class=\"elementor-column elementor-col-100 elementor-inner-column elementor-element elementor-element-688493a elementor-hidden-desktop\" data-id=\"688493a\" data-element_type=\"column\">\n\t\t\t<div class=\"elementor-widget-wrap elementor-element-populated\">\n\t\t\t\t\t\t<div class=\"elementor-element elementor-element-ef189fd elementor-hidden-desktop elementor-widget elementor-widget-text-editor\" data-id=\"ef189fd\" data-element_type=\"widget\" data-widget_type=\"text-editor.default\">\n\t\t\t\t<div class=\"elementor-widget-container\">\n\t\t\t\t\t\t\t\t\t<p>Sie m\u00f6chten mit uns in Kontakt treten, haben Fragen, eine Idee oder w\u00fcnschen sich eine Zusammenarbeit? Schreiben Sie uns direkt oder buchen Sie unkompliziert einen kostenlosen Termin f\u00fcr Ihre Erstberatung.<\/p>\t\t\t\t\t\t\t\t<\/div>\n\t\t\t\t<\/div>\n\t\t\t\t\t<\/div>\n\t\t<\/div>\n\t\t\t\t\t<\/div>\n\t\t<\/section>\n\t\t\t\t<section class=\"elementor-section elementor-inner-section elementor-element elementor-element-2114cb6 elementor-hidden-tablet elementor-section-boxed elementor-section-height-default elementor-section-height-default\" data-id=\"2114cb6\" data-element_type=\"section\" data-settings=\"{&quot;_ha_eqh_enable&quot;:false}\">\n\t\t\t\t\t\t<div class=\"elementor-container elementor-column-gap-default\">\n\t\t\t\t\t<div class=\"elementor-column elementor-col-33 elementor-inner-column elementor-element elementor-element-a0896ea elementor-hidden-tablet\" data-id=\"a0896ea\" data-element_type=\"column\">\n\t\t\t<div class=\"elementor-widget-wrap elementor-element-populated\">\n\t\t\t\t\t\t<div class=\"elementor-element elementor-element-24da4a2 elementor-widget-tablet__width-initial elementor-widget elementor-widget-image\" data-id=\"24da4a2\" data-element_type=\"widget\" data-widget_type=\"image.default\">\n\t\t\t\t<div class=\"elementor-widget-container\">\n\t\t\t\t\t\t\t\t\t\t\t\t\t\t\t<img fetchpriority=\"high\" decoding=\"async\" width=\"624\" height=\"783\" src=\"https:\/\/brayn.io\/wp-content\/uploads\/2025\/04\/Design-ohne-Titel-4.png\" class=\"attachment-large size-large wp-image-17701\" alt=\"ROBERT MENZLOW Kontakt\" srcset=\"https:\/\/brayn.io\/wp-content\/uploads\/2025\/04\/Design-ohne-Titel-4.png 624w, https:\/\/brayn.io\/wp-content\/uploads\/2025\/04\/Design-ohne-Titel-4-239x300.png 239w, https:\/\/brayn.io\/wp-content\/uploads\/2025\/04\/Design-ohne-Titel-4-10x12.png 10w\" sizes=\"(max-width: 624px) 100vw, 624px\" \/>\t\t\t\t\t\t\t\t\t\t\t\t\t\t\t<\/div>\n\t\t\t\t<\/div>\n\t\t\t\t<div class=\"elementor-element elementor-element-8e3a105 elementor-align-center elementor-widget__width-inherit elementor-tablet-align-left elementor-widget-tablet__width-initial elementor-mobile-align-center elementor-widget-mobile__width-initial elementor-hidden-tablet elementor-widget elementor-widget-button\" data-id=\"8e3a105\" data-element_type=\"widget\" data-settings=\"{&quot;_animation&quot;:&quot;none&quot;}\" data-widget_type=\"button.default\">\n\t\t\t\t<div class=\"elementor-widget-container\">\n\t\t\t\t\t\t\t\t\t<div class=\"elementor-button-wrapper\">\n\t\t\t\t\t<a class=\"elementor-button elementor-button-link elementor-size-sm\" href=\"https:\/\/calendly.com\/robert-menzlow\/30min\" target=\"_blank\">\n\t\t\t\t\t\t<span class=\"elementor-button-content-wrapper\">\n\t\t\t\t\t\t\t\t\t<span class=\"elementor-button-text\">DIREKT TERMIN VEREINBAREN<\/span>\n\t\t\t\t\t<\/span>\n\t\t\t\t\t<\/a>\n\t\t\t\t<\/div>\n\t\t\t\t\t\t\t\t<\/div>\n\t\t\t\t<\/div>\n\t\t\t\t\t<\/div>\n\t\t<\/div>\n\t\t\t\t<div class=\"elementor-column elementor-col-33 elementor-inner-column elementor-element elementor-element-bf5bb2c elementor-hidden-tablet\" data-id=\"bf5bb2c\" data-element_type=\"column\">\n\t\t\t<div class=\"elementor-widget-wrap elementor-element-populated\">\n\t\t\t\t\t\t<div class=\"elementor-element elementor-element-9069ab1 elementor-widget-tablet__width-initial elementor-widget elementor-widget-shortcode\" data-id=\"9069ab1\" data-element_type=\"widget\" data-widget_type=\"shortcode.default\">\n\t\t\t\t<div class=\"elementor-widget-container\">\n\t\t\t\t\t\t\t<div class=\"elementor-shortcode\">\n<div class=\"wpcf7 no-js\" id=\"wpcf7-f17706-o1\" lang=\"en-US\" dir=\"ltr\" data-wpcf7-id=\"17706\">\n<div class=\"screen-reader-response\"><p role=\"status\" aria-live=\"polite\" aria-atomic=\"true\"><\/p> <ul><\/ul><\/div>\n<form action=\"\/en\/wp-json\/wp\/v2\/pages\/17694#wpcf7-f17706-o1\" method=\"post\" class=\"wpcf7-form init\" aria-label=\"Contact form\" novalidate=\"novalidate\" data-status=\"init\" data-trp-original-action=\"\/en\/wp-json\/wp\/v2\/pages\/17694#wpcf7-f17706-o1\">\n<fieldset class=\"hidden-fields-container\"><input type=\"hidden\" name=\"_wpcf7\" value=\"17706\" \/><input type=\"hidden\" name=\"_wpcf7_version\" value=\"6.1.3\" \/><input type=\"hidden\" name=\"_wpcf7_locale\" value=\"en_US\" \/><input type=\"hidden\" name=\"_wpcf7_unit_tag\" value=\"wpcf7-f17706-o1\" \/><input type=\"hidden\" name=\"_wpcf7_container_post\" value=\"0\" \/><input type=\"hidden\" name=\"_wpcf7_posted_data_hash\" value=\"\" \/>\n<\/fieldset>\n<p><span class=\"wpcf7-form-control-wrap\" data-name=\"lastname\"><input size=\"40\" maxlength=\"400\" class=\"wpcf7-form-control wpcf7-text wpcf7-validates-as-required small\" aria-required=\"true\" aria-invalid=\"false\" placeholder=\"Vor- und Nachname*\" value=\"\" type=\"text\" name=\"lastname\" \/><\/span>\n<\/p>\n<p><span class=\"wpcf7-form-control-wrap\" data-name=\"your-email\"><input size=\"40\" maxlength=\"400\" class=\"wpcf7-form-control wpcf7-email wpcf7-validates-as-required wpcf7-text wpcf7-validates-as-email small\" aria-required=\"true\" aria-invalid=\"false\" placeholder=\"Gesch\u00e4ftliche E-Mail*\" value=\"\" type=\"email\" name=\"your-email\" \/><\/span>\n<\/p>\n<p><span class=\"wpcf7-form-control-wrap\" data-name=\"phone\"><input size=\"40\" maxlength=\"400\" class=\"wpcf7-form-control wpcf7-tel wpcf7-text wpcf7-validates-as-tel small\" aria-invalid=\"false\" placeholder=\"Telefon\" value=\"\" type=\"tel\" name=\"phone\" \/><\/span>\n<\/p>\n<p><span class=\"wpcf7-form-control-wrap\" data-name=\"your-message\"><textarea cols=\"40\" rows=\"10\" maxlength=\"2000\" class=\"wpcf7-form-control wpcf7-textarea small\" aria-invalid=\"false\" placeholder=\"Wie k\u00f6nnen wir Ihnen in Ihrem Projekt helfen? Beschreiben Sie uns kurz, was Sie vorhaben.\" name=\"your-message\"><\/textarea><\/span>\n<\/p>\n<p><input class=\"wpcf7-form-control wpcf7-submit has-spinner submit-btn\" type=\"submit\" value=\"Senden\" \/><span id=\"wpcf7-69e46f2a31838-wrapper\" class=\"wpcf7-form-control-wrap honeypot-266-wrap\" style=\"display:none !important; visibility:hidden !important;\"><label for=\"wpcf7-69e46f2a31838-field\" class=\"hp-message\">Please leave this field empty.<\/label><input id=\"wpcf7-69e46f2a31838-field\"  class=\"wpcf7-form-control wpcf7-text\" type=\"text\" name=\"honeypot-266\" value=\"\" size=\"40\" tabindex=\"-1\" autocomplete=\"new-password\" \/><\/span><span id=\"wpcf7-69e46f2a3187f-wrapper\" class=\"wpcf7-form-control-wrap firstName-wrap\" style=\"display:none !important; visibility:hidden !important;\"><label for=\"wpcf7-69e46f2a3187f-field\" class=\"hp-message\">Please leave this field empty.<\/label><input id=\"wpcf7-69e46f2a3187f-field\"  class=\"wpcf7-form-control wpcf7-text\" type=\"text\" name=\"firstName\" value=\"\" size=\"40\" tabindex=\"-1\" autocomplete=\"new-password\" \/><\/span><span id=\"wpcf7-69e46f2a318b3-wrapper\" class=\"wpcf7-form-control-wrap lastName-wrap\" style=\"display:none !important; visibility:hidden !important;\"><label for=\"wpcf7-69e46f2a318b3-field\" class=\"hp-message\">Please leave this field empty.<\/label><input id=\"wpcf7-69e46f2a318b3-field\"  class=\"wpcf7-form-control wpcf7-text\" type=\"text\" name=\"lastName\" value=\"\" size=\"40\" tabindex=\"-1\" autocomplete=\"new-password\" \/><\/span>\n<\/p>\n<input class=\"wpcf7-form-control wpcf7-hidden\" value=\"pageurl\" type=\"hidden\" name=\"page-url\" \/><div class=\"wpcf7-response-output\" aria-hidden=\"true\"><\/div>\n<input type=\"hidden\" name=\"trp-form-language\" value=\"en\"\/><\/form>\n<\/div>\n\n<\/div>\n\t\t\t\t\t\t<\/div>\n\t\t\t\t<\/div>\n\t\t\t\t\t<\/div>\n\t\t<\/div>\n\t\t\t\t<div class=\"elementor-column elementor-col-33 elementor-inner-column elementor-element elementor-element-70a5ab7 elementor-hidden-tablet\" data-id=\"70a5ab7\" data-element_type=\"column\">\n\t\t\t<div class=\"elementor-widget-wrap elementor-element-populated\">\n\t\t\t\t\t\t<div class=\"elementor-element elementor-element-8507ca1 elementor-hidden-mobile elementor-widget__width-initial elementor-hidden-tablet elementor-widget elementor-widget-text-editor\" data-id=\"8507ca1\" data-element_type=\"widget\" data-widget_type=\"text-editor.default\">\n\t\t\t\t<div class=\"elementor-widget-container\">\n\t\t\t\t\t\t\t\t\t<p>Sie m\u00f6chten mit uns in Kontakt treten, haben Fragen, eine Idee oder w\u00fcnschen sich eine Zusammenarbeit? Schreiben Sie uns direkt oder buchen Sie unkompliziert einen kostenlosen Termin f\u00fcr Ihre Erstberatung.<\/p>\t\t\t\t\t\t\t\t<\/div>\n\t\t\t\t<\/div>\n\t\t\t\t<div class=\"elementor-element elementor-element-5e153ac elementor-icon-list--layout-traditional elementor-list-item-link-full_width elementor-widget elementor-widget-icon-list\" data-id=\"5e153ac\" data-element_type=\"widget\" data-widget_type=\"icon-list.default\">\n\t\t\t\t<div class=\"elementor-widget-container\">\n\t\t\t\t\t\t\t<ul class=\"elementor-icon-list-items\">\n\t\t\t\t\t\t\t<li class=\"elementor-icon-list-item\">\n\t\t\t\t\t\t\t\t\t\t\t<a href=\"https:\/\/maps.app.goo.gl\/nZ11P1yCrzpZrYQq9\">\n\n\t\t\t\t\t\t\t\t\t\t\t\t<span class=\"elementor-icon-list-icon\">\n\t\t\t\t\t\t\t<i aria-hidden=\"true\" class=\"fas fa-map-marker-alt\"><\/i>\t\t\t\t\t\t<\/span>\n\t\t\t\t\t\t\t\t\t\t<span class=\"elementor-icon-list-text\"><b>BRAYN.IO GMBH<\/b>  <br>Leuschnerdamm 13 <br>10999 Berlin <br>Anfahrt Leuschnerdamm: Hof 2, Aufgang 2, 5.OG<\/span>\n\t\t\t\t\t\t\t\t\t\t\t<\/a>\n\t\t\t\t\t\t\t\t\t<\/li>\n\t\t\t\t\t\t\t\t<li class=\"elementor-icon-list-item\">\n\t\t\t\t\t\t\t\t\t\t\t<span class=\"elementor-icon-list-icon\">\n\t\t\t\t\t\t\t<i aria-hidden=\"true\" class=\"fas fa-phone-alt\"><\/i>\t\t\t\t\t\t<\/span>\n\t\t\t\t\t\t\t\t\t\t<span class=\"elementor-icon-list-text\"><u>+49 30 916 848 00<\/u><\/span>\n\t\t\t\t\t\t\t\t\t<\/li>\n\t\t\t\t\t\t\t\t<li class=\"elementor-icon-list-item\">\n\t\t\t\t\t\t\t\t\t\t\t<a href=\"http:\/\/info@brayn.io\/en\/\">\n\n\t\t\t\t\t\t\t\t\t\t\t\t<span class=\"elementor-icon-list-icon\">\n\t\t\t\t\t\t\t<i aria-hidden=\"true\" class=\"fas fa-envelope\"><\/i>\t\t\t\t\t\t<\/span>\n\t\t\t\t\t\t\t\t\t\t<span class=\"elementor-icon-list-text\">info@brayn.io<\/span>\n\t\t\t\t\t\t\t\t\t\t\t<\/a>\n\t\t\t\t\t\t\t\t\t<\/li>\n\t\t\t\t\t\t<\/ul>\n\t\t\t\t\t\t<\/div>\n\t\t\t\t<\/div>\n\t\t\t\t\t<\/div>\n\t\t<\/div>\n\t\t\t\t\t<\/div>\n\t\t<\/section>\n\t\t\t\t\t<\/div>\n\t\t<\/div>\n\t\t\t\t\t<\/div>\n\t\t<\/section>\n\t\t\t\t<section class=\"elementor-section elementor-top-section elementor-element elementor-element-eb12229 elementor-section-boxed elementor-section-height-default elementor-section-height-default\" data-id=\"eb12229\" data-element_type=\"section\" data-settings=\"{&quot;background_background&quot;:&quot;classic&quot;,&quot;_ha_eqh_enable&quot;:false}\">\n\t\t\t\t\t\t<div class=\"elementor-container elementor-column-gap-default\">\n\t\t\t\t\t<div class=\"elementor-column elementor-col-100 elementor-top-column elementor-element elementor-element-4906d94\" data-id=\"4906d94\" data-element_type=\"column\">\n\t\t\t<div class=\"elementor-widget-wrap elementor-element-populated\">\n\t\t\t\t\t\t<section class=\"elementor-section elementor-inner-section elementor-element elementor-element-0283b79 elementor-section-boxed elementor-section-height-default elementor-section-height-default\" data-id=\"0283b79\" data-element_type=\"section\" data-settings=\"{&quot;background_background&quot;:&quot;classic&quot;,&quot;_ha_eqh_enable&quot;:false}\">\n\t\t\t\t\t\t<div class=\"elementor-container elementor-column-gap-default\">\n\t\t\t\t\t<div class=\"elementor-column elementor-col-100 elementor-inner-column elementor-element elementor-element-7ea2301\" data-id=\"7ea2301\" data-element_type=\"column\" data-settings=\"{&quot;background_background&quot;:&quot;classic&quot;}\">\n\t\t\t<div class=\"elementor-widget-wrap elementor-element-populated\">\n\t\t\t\t\t\t<div class=\"elementor-element elementor-element-6819c50 elementor-widget__width-initial elementor-widget-mobile__width-initial elementor-widget elementor-widget-text-editor\" data-id=\"6819c50\" data-element_type=\"widget\" data-widget_type=\"text-editor.default\">\n\t\t\t\t<div class=\"elementor-widget-container\">\n\t\t\t\t\t\t\t\t\t<p><strong>Das erwartet Sie in Ihrem kostenlosen ERSTGESPR\u00c4CH<\/strong><\/p>\t\t\t\t\t\t\t\t<\/div>\n\t\t\t\t<\/div>\n\t\t\t\t<div class=\"elementor-element elementor-element-9fa0c43 elementor-widget__width-initial elementor-icon-list--layout-traditional elementor-list-item-link-full_width elementor-widget elementor-widget-icon-list\" data-id=\"9fa0c43\" data-element_type=\"widget\" data-widget_type=\"icon-list.default\">\n\t\t\t\t<div class=\"elementor-widget-container\">\n\t\t\t\t\t\t\t<ul class=\"elementor-icon-list-items\">\n\t\t\t\t\t\t\t<li class=\"elementor-icon-list-item\">\n\t\t\t\t\t\t\t\t\t\t\t<span class=\"elementor-icon-list-icon\">\n\t\t\t\t\t\t\t<i aria-hidden=\"true\" class=\"fas fa-check\"><\/i>\t\t\t\t\t\t<\/span>\n\t\t\t\t\t\t\t\t\t\t<span class=\"elementor-icon-list-text\">Wie Sie die erste Version Ihrer digitalen L\u00f6sung in 8 bis 12 Wochen in Ihrem Unternehmen nutzen k\u00f6nnen.<\/span>\n\t\t\t\t\t\t\t\t\t<\/li>\n\t\t\t\t\t\t\t\t<li class=\"elementor-icon-list-item\">\n\t\t\t\t\t\t\t\t\t\t\t<span class=\"elementor-icon-list-icon\">\n\t\t\t\t\t\t\t<i aria-hidden=\"true\" class=\"fas fa-check\"><\/i>\t\t\t\t\t\t<\/span>\n\t\t\t\t\t\t\t\t\t\t<span class=\"elementor-icon-list-text\">Wir zeigen Ihnen, wie sich die Investition f\u00fcr Ihr Unternehmen schnell wieder auszahlen.<\/span>\n\t\t\t\t\t\t\t\t\t<\/li>\n\t\t\t\t\t\t\t\t<li class=\"elementor-icon-list-item\">\n\t\t\t\t\t\t\t\t\t\t\t<span class=\"elementor-icon-list-icon\">\n\t\t\t\t\t\t\t<i aria-hidden=\"true\" class=\"fas fa-check\"><\/i>\t\t\t\t\t\t<\/span>\n\t\t\t\t\t\t\t\t\t\t<span class=\"elementor-icon-list-text\">Sie erhalten exklusive Einblicke in \u00e4hnliche Kundenprojekte.<\/span>\n\t\t\t\t\t\t\t\t\t<\/li>\n\t\t\t\t\t\t<\/ul>\n\t\t\t\t\t\t<\/div>\n\t\t\t\t<\/div>\n\t\t\t\t\t<\/div>\n\t\t<\/div>\n\t\t\t\t\t<\/div>\n\t\t<\/section>\n\t\t\t\t\t<\/div>\n\t\t<\/div>\n\t\t\t\t\t<\/div>\n\t\t<\/section>\n\t\t\t\t<section class=\"elementor-section elementor-top-section elementor-element elementor-element-06ae306 elementor-section-height-min-height elementor-section-boxed elementor-section-height-default elementor-section-items-middle\" data-id=\"06ae306\" data-element_type=\"section\" data-settings=\"{&quot;_ha_eqh_enable&quot;:false}\">\n\t\t\t\t\t\t<div class=\"elementor-container elementor-column-gap-extended\">\n\t\t\t\t\t<div class=\"elementor-column elementor-col-100 elementor-top-column elementor-element elementor-element-6f6703f\" data-id=\"6f6703f\" data-element_type=\"column\">\n\t\t\t<div class=\"elementor-widget-wrap elementor-element-populated\">\n\t\t\t\t\t\t<div class=\"elementor-element elementor-element-51f5ac5 elementor-widget__width-inherit elementor-widget-tablet__width-inherit elementor-widget elementor-widget-google_maps\" data-id=\"51f5ac5\" data-element_type=\"widget\" data-widget_type=\"google_maps.default\">\n\t\t\t\t<div class=\"elementor-widget-container\">\n\t\t\t\t\t\t\t<div class=\"elementor-custom-embed\">\n\t\t\t<iframe loading=\"lazy\"\n\t\t\t\t\tsrc=\"https:\/\/maps.google.com\/maps?q=Leuschnerdamm%2013%2C%2010999%20Berlin&#038;t=m&#038;z=11&#038;output=embed&#038;iwloc=near\"\n\t\t\t\t\ttitle=\"Leuschnerdamm 13, 10999 Berlin\"\n\t\t\t\t\taria-label=\"Leuschnerdamm 13, 10999 Berlin\"\n\t\t\t><\/iframe>\n\t\t<\/div>\n\t\t\t\t\t\t<\/div>\n\t\t\t\t<\/div>\n\t\t\t\t\t<\/div>\n\t\t<\/div>\n\t\t\t\t\t<\/div>\n\t\t<\/section>\n\t\t\t\t<\/div>","protected":false},"excerpt":{"rendered":"<p>Sie haben eine Idee? Wir setzen sie um. Sie m\u00f6chten mit uns in Kontakt treten, haben Fragen, eine Idee oder w\u00fcnschen sich eine Zusammenarbeit? Schreiben Sie uns direkt oder buchen Sie unkompliziert einen kostenlosen Termin f\u00fcr Ihre Erstberatung. DIREKT TERMIN VEREINBAREN Sie m\u00f6chten mit uns in Kontakt treten, haben Fragen, eine Idee oder w\u00fcnschen sich [&hellip;]<\/p>","protected":false},"author":8,"featured_media":0,"parent":0,"menu_order":0,"comment_status":"closed","ping_status":"closed","template":"","meta":{"footnotes":""},"class_list":["post-17694","page","type-page","status-publish","hentry"],"yoast_head":"<!-- This site is optimized with the Yoast SEO plugin v26.2 - https:\/\/yoast.com\/wordpress\/plugins\/seo\/ -->\n<title>Kontakt | brayn.io<\/title>\n<meta name=\"description\" content=\"Nehmen Sie Kontakt mit uns auf f\u00fcr eine kostenlose und unverbindliche Erstberatung zu Ihrer individuellen Softwarel\u00f6sung.\" \/>\n<meta name=\"robots\" content=\"index, follow, max-snippet:-1, max-image-preview:large, max-video-preview:-1\" \/>\n<link rel=\"canonical\" href=\"https:\/\/brayn.io\/en\/kontakt\/\" \/>\n<meta property=\"og:locale\" content=\"en_US\" \/>\n<meta property=\"og:type\" content=\"article\" \/>\n<meta property=\"og:title\" content=\"Kontakt | brayn.io\" \/>\n<meta property=\"og:description\" content=\"Nehmen Sie Kontakt mit uns auf f\u00fcr eine kostenlose und unverbindliche Erstberatung zu Ihrer individuellen Softwarel\u00f6sung.\" \/>\n<meta property=\"og:url\" content=\"https:\/\/brayn.io\/en\/kontakt\/\" \/>\n<meta property=\"og:site_name\" content=\"brayn.io\" \/>\n<meta property=\"article:publisher\" content=\"https:\/\/www.facebook\/brayn.i0\" \/>\n<meta property=\"article:modified_time\" content=\"2025-05-14T10:41:18+00:00\" \/>\n<meta property=\"og:image\" content=\"https:\/\/brayn.io\/wp-content\/uploads\/2025\/04\/Design-ohne-Titel-4.png\" \/>\n\t<meta property=\"og:image:width\" content=\"624\" \/>\n\t<meta property=\"og:image:height\" content=\"783\" \/>\n\t<meta property=\"og:image:type\" content=\"image\/png\" \/>\n<meta name=\"twitter:card\" content=\"summary_large_image\" \/>\n<meta name=\"twitter:label1\" content=\"Est. reading time\" \/>\n\t<meta name=\"twitter:data1\" content=\"1 minute\" \/>\n<script type=\"application\/ld+json\" class=\"yoast-schema-graph\">{\"@context\":\"https:\/\/schema.org\",\"@graph\":[{\"@type\":[\"WebPage\",\"ContactPage\"],\"@id\":\"https:\/\/brayn.io\/kontakt\/\",\"url\":\"https:\/\/brayn.io\/kontakt\/\",\"name\":\"Kontakt | brayn.io\",\"isPartOf\":{\"@id\":\"https:\/\/brayn.io\/#website\"},\"primaryImageOfPage\":{\"@id\":\"https:\/\/brayn.io\/kontakt\/#primaryimage\"},\"image\":{\"@id\":\"https:\/\/brayn.io\/kontakt\/#primaryimage\"},\"thumbnailUrl\":\"https:\/\/brayn.io\/wp-content\/uploads\/2025\/04\/Design-ohne-Titel-4.png\",\"datePublished\":\"2025-05-14T10:30:22+00:00\",\"dateModified\":\"2025-05-14T10:41:18+00:00\",\"description\":\"Nehmen Sie Kontakt mit uns auf f\u00fcr eine kostenlose und unverbindliche Erstberatung zu Ihrer individuellen Softwarel\u00f6sung.\",\"breadcrumb\":{\"@id\":\"https:\/\/brayn.io\/kontakt\/#breadcrumb\"},\"inLanguage\":\"en-US\",\"potentialAction\":[{\"@type\":\"ReadAction\",\"target\":[\"https:\/\/brayn.io\/kontakt\/\"]}]},{\"@type\":\"ImageObject\",\"inLanguage\":\"en-US\",\"@id\":\"https:\/\/brayn.io\/kontakt\/#primaryimage\",\"url\":\"https:\/\/brayn.io\/wp-content\/uploads\/2025\/04\/Design-ohne-Titel-4.png\",\"contentUrl\":\"https:\/\/brayn.io\/wp-content\/uploads\/2025\/04\/Design-ohne-Titel-4.png\"},{\"@type\":\"BreadcrumbList\",\"@id\":\"https:\/\/brayn.io\/kontakt\/#breadcrumb\",\"itemListElement\":[{\"@type\":\"ListItem\",\"position\":1,\"name\":\"Home\",\"item\":\"https:\/\/brayn.io\/\"},{\"@type\":\"ListItem\",\"position\":2,\"name\":\"Kontakt\"}]},{\"@type\":\"WebSite\",\"@id\":\"https:\/\/brayn.io\/#website\",\"url\":\"https:\/\/brayn.io\/\",\"name\":\"brayn.io\",\"description\":\"brayn.io\",\"potentialAction\":[{\"@type\":\"SearchAction\",\"target\":{\"@type\":\"EntryPoint\",\"urlTemplate\":\"https:\/\/brayn.io\/?s={search_term_string}\"},\"query-input\":{\"@type\":\"PropertyValueSpecification\",\"valueRequired\":true,\"valueName\":\"search_term_string\"}}],\"inLanguage\":\"en-US\"}]}<\/script>\n<!-- \/ Yoast SEO plugin. -->","yoast_head_json":{"title":"Kontakt | brayn.io","description":"Nehmen Sie Kontakt mit uns auf f\u00fcr eine kostenlose und unverbindliche Erstberatung zu Ihrer individuellen Softwarel\u00f6sung.","robots":{"index":"index","follow":"follow","max-snippet":"max-snippet:-1","max-image-preview":"max-image-preview:large","max-video-preview":"max-video-preview:-1"},"canonical":"https:\/\/brayn.io\/en\/kontakt\/","og_locale":"en_US","og_type":"article","og_title":"Kontakt | brayn.io","og_description":"Nehmen Sie Kontakt mit uns auf f\u00fcr eine kostenlose und unverbindliche Erstberatung zu Ihrer individuellen Softwarel\u00f6sung.","og_url":"https:\/\/brayn.io\/en\/kontakt\/","og_site_name":"brayn.io","article_publisher":"https:\/\/www.facebook\/brayn.i0","article_modified_time":"2025-05-14T10:41:18+00:00","og_image":[{"width":624,"height":783,"url":"https:\/\/brayn.io\/wp-content\/uploads\/2025\/04\/Design-ohne-Titel-4.png","type":"image\/png"}],"twitter_card":"summary_large_image","twitter_misc":{"Est. reading time":"1 minute"},"schema":{"@context":"https:\/\/schema.org","@graph":[{"@type":["WebPage","ContactPage"],"@id":"https:\/\/brayn.io\/kontakt\/","url":"https:\/\/brayn.io\/kontakt\/","name":"Kontakt | brayn.io","isPartOf":{"@id":"https:\/\/brayn.io\/#website"},"primaryImageOfPage":{"@id":"https:\/\/brayn.io\/kontakt\/#primaryimage"},"image":{"@id":"https:\/\/brayn.io\/kontakt\/#primaryimage"},"thumbnailUrl":"https:\/\/brayn.io\/wp-content\/uploads\/2025\/04\/Design-ohne-Titel-4.png","datePublished":"2025-05-14T10:30:22+00:00","dateModified":"2025-05-14T10:41:18+00:00","description":"Nehmen Sie Kontakt mit uns auf f\u00fcr eine kostenlose und unverbindliche Erstberatung zu Ihrer individuellen Softwarel\u00f6sung.","breadcrumb":{"@id":"https:\/\/brayn.io\/kontakt\/#breadcrumb"},"inLanguage":"en-US","potentialAction":[{"@type":"ReadAction","target":["https:\/\/brayn.io\/kontakt\/"]}]},{"@type":"ImageObject","inLanguage":"en-US","@id":"https:\/\/brayn.io\/kontakt\/#primaryimage","url":"https:\/\/brayn.io\/wp-content\/uploads\/2025\/04\/Design-ohne-Titel-4.png","contentUrl":"https:\/\/brayn.io\/wp-content\/uploads\/2025\/04\/Design-ohne-Titel-4.png"},{"@type":"BreadcrumbList","@id":"https:\/\/brayn.io\/kontakt\/#breadcrumb","itemListElement":[{"@type":"ListItem","position":1,"name":"Home","item":"https:\/\/brayn.io\/"},{"@type":"ListItem","position":2,"name":"Kontakt"}]},{"@type":"WebSite","@id":"https:\/\/brayn.io\/#website","url":"https:\/\/brayn.io\/","name":"brayn.io","description":"brayn.io","potentialAction":[{"@type":"SearchAction","target":{"@type":"EntryPoint","urlTemplate":"https:\/\/brayn.io\/?s={search_term_string}"},"query-input":{"@type":"PropertyValueSpecification","valueRequired":true,"valueName":"search_term_string"}}],"inLanguage":"en-US"}]}},"_links":{"self":[{"href":"https:\/\/brayn.io\/en\/wp-json\/wp\/v2\/pages\/17694","targetHints":{"allow":["GET"]}}],"collection":[{"href":"https:\/\/brayn.io\/en\/wp-json\/wp\/v2\/pages"}],"about":[{"href":"https:\/\/brayn.io\/en\/wp-json\/wp\/v2\/types\/page"}],"author":[{"embeddable":true,"href":"https:\/\/brayn.io\/en\/wp-json\/wp\/v2\/users\/8"}],"replies":[{"embeddable":true,"href":"https:\/\/brayn.io\/en\/wp-json\/wp\/v2\/comments?post=17694"}],"version-history":[{"count":58,"href":"https:\/\/brayn.io\/en\/wp-json\/wp\/v2\/pages\/17694\/revisions"}],"predecessor-version":[{"id":17971,"href":"https:\/\/brayn.io\/en\/wp-json\/wp\/v2\/pages\/17694\/revisions\/17971"}],"wp:attachment":[{"href":"https:\/\/brayn.io\/en\/wp-json\/wp\/v2\/media?parent=17694"}],"curies":[{"name":"wp","href":"https:\/\/api.w.org\/{rel}","templated":true}]}}