{"id":1568,"date":"2022-12-13T08:50:55","date_gmt":"2022-12-13T08:50:55","guid":{"rendered":"https:\/\/test.brayn.io\/?page_id=1568"},"modified":"2023-09-14T13:10:32","modified_gmt":"2023-09-14T13:10:32","slug":"impressum","status":"publish","type":"page","link":"https:\/\/brayn.io\/en\/impressum\/","title":{"rendered":"Impressum"},"content":{"rendered":"<div data-elementor-type=\"wp-page\" data-elementor-id=\"1568\" class=\"elementor elementor-1568\" data-elementor-settings=\"{&quot;ha_cmc_init_switcher&quot;:&quot;no&quot;}\">\n\t\t\t\t\t\t<section class=\"elementor-section elementor-top-section elementor-element elementor-element-42d21ea elementor-section-boxed elementor-section-height-default elementor-section-height-default\" data-id=\"42d21ea\" data-element_type=\"section\" data-settings=\"{&quot;_ha_eqh_enable&quot;:false}\">\n\t\t\t\t\t\t<div class=\"elementor-container elementor-column-gap-default\">\n\t\t\t\t\t<div class=\"elementor-column elementor-col-100 elementor-top-column elementor-element elementor-element-c15198d\" data-id=\"c15198d\" data-element_type=\"column\">\n\t\t\t<div class=\"elementor-widget-wrap elementor-element-populated\">\n\t\t\t\t\t\t<div class=\"elementor-element elementor-element-b09e34e elementor-widget elementor-widget-heading\" data-id=\"b09e34e\" data-element_type=\"widget\" data-widget_type=\"heading.default\">\n\t\t\t\t<div class=\"elementor-widget-container\">\n\t\t\t\t\t<h2 class=\"elementor-heading-title elementor-size-default\">Impressum<\/h2>\t\t\t\t<\/div>\n\t\t\t\t<\/div>\n\t\t\t\t<div class=\"elementor-element elementor-element-05c0dd6 elementor-widget elementor-widget-text-editor\" data-id=\"05c0dd6\" data-element_type=\"widget\" data-widget_type=\"text-editor.default\">\n\t\t\t\t<div class=\"elementor-widget-container\">\n\t\t\t\t\t\t\t\t\t<p>Brayn.io GmbH<\/p><p>Leuschnerdamm 13<\/p><p>10999 Berlin<\/p><p>E-Mail: info@brayn.io<\/p><p>\u00a0<\/p><p>Telefon-Nummer: +49 30 916 848 00<\/p><p>\u00a0<\/p><p>UST.-Nr.: DE260996383<\/p><p>Handelsregister: Amtsgericht Charlottenburg<\/p><p>Handelsregisternummer: HRB 115173<\/p><p>Vertretungsberechtigte Gesch\u00e4ftsf\u00fchrung: Andr\u00e9 Berthold, Robert Menzlow<\/p><p>Verantwortlicher im Sinne des \u00a76 MDStV:\u00a0Andr\u00e9 Berthold, Robert Menzlow<\/p>\t\t\t\t\t\t\t\t<\/div>\n\t\t\t\t<\/div>\n\t\t\t\t\t<\/div>\n\t\t<\/div>\n\t\t\t\t\t<\/div>\n\t\t<\/section>\n\t\t\t\t<\/div>","protected":false},"excerpt":{"rendered":"<p>Impressum Brayn.io GmbH Leuschnerdamm 13 10999 Berlin E-Mail: info@brayn.io \u00a0 Telefon-Nummer: +49 30 916 848 00 \u00a0 UST.-Nr.: DE260996383 Handelsregister: Amtsgericht Charlottenburg Handelsregisternummer: HRB 115173 Vertretungsberechtigte Gesch\u00e4ftsf\u00fchrung: Andr\u00e9 Berthold, Robert Menzlow Verantwortlicher im Sinne des \u00a76 MDStV:\u00a0Andr\u00e9 Berthold, Robert Menzlow<\/p>","protected":false},"author":4,"featured_media":0,"parent":0,"menu_order":0,"comment_status":"closed","ping_status":"closed","template":"singlepage.php","meta":{"footnotes":""},"class_list":["post-1568","page","type-page","status-publish","hentry"],"yoast_head":"<!-- This site is optimized with the Yoast SEO plugin v26.2 - https:\/\/yoast.com\/wordpress\/plugins\/seo\/ -->\n<title>Impressum | brayn.io<\/title>\n<meta name=\"description\" content=\"Wir optimieren Euren Arbeitsalltag mit ma\u00dfgeschneiderten cloudbasierten Web- und Softwareanwendungen.\" \/>\n<meta name=\"robots\" content=\"index, follow, max-snippet:-1, max-image-preview:large, max-video-preview:-1\" \/>\n<link rel=\"canonical\" href=\"https:\/\/brayn.io\/en\/impressum\/\" \/>\n<meta property=\"og:locale\" content=\"en_US\" \/>\n<meta property=\"og:type\" content=\"article\" \/>\n<meta property=\"og:title\" content=\"Impressum | brayn.io\" \/>\n<meta property=\"og:description\" content=\"Wir optimieren Euren Arbeitsalltag mit ma\u00dfgeschneiderten cloudbasierten Web- und Softwareanwendungen.\" \/>\n<meta property=\"og:url\" content=\"https:\/\/brayn.io\/en\/impressum\/\" \/>\n<meta property=\"og:site_name\" content=\"brayn.io\" \/>\n<meta property=\"article:publisher\" content=\"https:\/\/www.facebook\/brayn.i0\" \/>\n<meta property=\"article:modified_time\" content=\"2023-09-14T13:10:32+00:00\" \/>\n<meta name=\"twitter:card\" content=\"summary_large_image\" \/>\n<meta name=\"twitter:label1\" content=\"Est. reading time\" \/>\n\t<meta name=\"twitter:data1\" content=\"1 minute\" \/>\n<script type=\"application\/ld+json\" class=\"yoast-schema-graph\">{\"@context\":\"https:\/\/schema.org\",\"@graph\":[{\"@type\":\"WebPage\",\"@id\":\"https:\/\/brayn.io\/impressum\/\",\"url\":\"https:\/\/brayn.io\/impressum\/\",\"name\":\"Impressum | brayn.io\",\"isPartOf\":{\"@id\":\"https:\/\/brayn.io\/#website\"},\"datePublished\":\"2022-12-13T08:50:55+00:00\",\"dateModified\":\"2023-09-14T13:10:32+00:00\",\"description\":\"Wir optimieren Euren Arbeitsalltag mit ma\u00dfgeschneiderten cloudbasierten Web- und Softwareanwendungen.\",\"breadcrumb\":{\"@id\":\"https:\/\/brayn.io\/impressum\/#breadcrumb\"},\"inLanguage\":\"en-US\",\"potentialAction\":[{\"@type\":\"ReadAction\",\"target\":[\"https:\/\/brayn.io\/impressum\/\"]}]},{\"@type\":\"BreadcrumbList\",\"@id\":\"https:\/\/brayn.io\/impressum\/#breadcrumb\",\"itemListElement\":[{\"@type\":\"ListItem\",\"position\":1,\"name\":\"Home\",\"item\":\"https:\/\/brayn.io\/\"},{\"@type\":\"ListItem\",\"position\":2,\"name\":\"Impressum\"}]},{\"@type\":\"WebSite\",\"@id\":\"https:\/\/brayn.io\/#website\",\"url\":\"https:\/\/brayn.io\/\",\"name\":\"brayn.io\",\"description\":\"brayn.io\",\"potentialAction\":[{\"@type\":\"SearchAction\",\"target\":{\"@type\":\"EntryPoint\",\"urlTemplate\":\"https:\/\/brayn.io\/?s={search_term_string}\"},\"query-input\":{\"@type\":\"PropertyValueSpecification\",\"valueRequired\":true,\"valueName\":\"search_term_string\"}}],\"inLanguage\":\"en-US\"}]}<\/script>\n<!-- \/ Yoast SEO plugin. -->","yoast_head_json":{"title":"Impressum | brayn.io","description":"Wir optimieren Euren Arbeitsalltag mit ma\u00dfgeschneiderten cloudbasierten Web- und Softwareanwendungen.","robots":{"index":"index","follow":"follow","max-snippet":"max-snippet:-1","max-image-preview":"max-image-preview:large","max-video-preview":"max-video-preview:-1"},"canonical":"https:\/\/brayn.io\/en\/impressum\/","og_locale":"en_US","og_type":"article","og_title":"Impressum | brayn.io","og_description":"Wir optimieren Euren Arbeitsalltag mit ma\u00dfgeschneiderten cloudbasierten Web- und Softwareanwendungen.","og_url":"https:\/\/brayn.io\/en\/impressum\/","og_site_name":"brayn.io","article_publisher":"https:\/\/www.facebook\/brayn.i0","article_modified_time":"2023-09-14T13:10:32+00:00","twitter_card":"summary_large_image","twitter_misc":{"Est. reading time":"1 minute"},"schema":{"@context":"https:\/\/schema.org","@graph":[{"@type":"WebPage","@id":"https:\/\/brayn.io\/impressum\/","url":"https:\/\/brayn.io\/impressum\/","name":"Impressum | brayn.io","isPartOf":{"@id":"https:\/\/brayn.io\/#website"},"datePublished":"2022-12-13T08:50:55+00:00","dateModified":"2023-09-14T13:10:32+00:00","description":"Wir optimieren Euren Arbeitsalltag mit ma\u00dfgeschneiderten cloudbasierten Web- und Softwareanwendungen.","breadcrumb":{"@id":"https:\/\/brayn.io\/impressum\/#breadcrumb"},"inLanguage":"en-US","potentialAction":[{"@type":"ReadAction","target":["https:\/\/brayn.io\/impressum\/"]}]},{"@type":"BreadcrumbList","@id":"https:\/\/brayn.io\/impressum\/#breadcrumb","itemListElement":[{"@type":"ListItem","position":1,"name":"Home","item":"https:\/\/brayn.io\/"},{"@type":"ListItem","position":2,"name":"Impressum"}]},{"@type":"WebSite","@id":"https:\/\/brayn.io\/#website","url":"https:\/\/brayn.io\/","name":"brayn.io","description":"brayn.io","potentialAction":[{"@type":"SearchAction","target":{"@type":"EntryPoint","urlTemplate":"https:\/\/brayn.io\/?s={search_term_string}"},"query-input":{"@type":"PropertyValueSpecification","valueRequired":true,"valueName":"search_term_string"}}],"inLanguage":"en-US"}]}},"_links":{"self":[{"href":"https:\/\/brayn.io\/en\/wp-json\/wp\/v2\/pages\/1568","targetHints":{"allow":["GET"]}}],"collection":[{"href":"https:\/\/brayn.io\/en\/wp-json\/wp\/v2\/pages"}],"about":[{"href":"https:\/\/brayn.io\/en\/wp-json\/wp\/v2\/types\/page"}],"author":[{"embeddable":true,"href":"https:\/\/brayn.io\/en\/wp-json\/wp\/v2\/users\/4"}],"replies":[{"embeddable":true,"href":"https:\/\/brayn.io\/en\/wp-json\/wp\/v2\/comments?post=1568"}],"version-history":[{"count":14,"href":"https:\/\/brayn.io\/en\/wp-json\/wp\/v2\/pages\/1568\/revisions"}],"predecessor-version":[{"id":9431,"href":"https:\/\/brayn.io\/en\/wp-json\/wp\/v2\/pages\/1568\/revisions\/9431"}],"wp:attachment":[{"href":"https:\/\/brayn.io\/en\/wp-json\/wp\/v2\/media?parent=1568"}],"curies":[{"name":"wp","href":"https:\/\/api.w.org\/{rel}","templated":true}]}}