{"id":15331,"date":"2024-08-27T07:06:06","date_gmt":"2024-08-27T07:06:06","guid":{"rendered":"https:\/\/brayn.io\/?page_id=15331"},"modified":"2024-09-26T08:56:04","modified_gmt":"2024-09-26T08:56:04","slug":"umfrage-danke","status":"publish","type":"page","link":"https:\/\/brayn.io\/en\/umfrage-danke\/","title":{"rendered":"Umfrage &#8211; Danke"},"content":{"rendered":"<div data-elementor-type=\"wp-page\" data-elementor-id=\"15331\" class=\"elementor elementor-15331\" data-elementor-settings=\"{&quot;ha_cmc_init_switcher&quot;:&quot;no&quot;}\">\n\t\t\t\t\t\t<section class=\"elementor-section elementor-top-section elementor-element elementor-element-4a7c0b7 elementor-section-boxed elementor-section-height-default elementor-section-height-default\" data-id=\"4a7c0b7\" data-element_type=\"section\" data-settings=\"{&quot;background_background&quot;:&quot;gradient&quot;,&quot;_ha_eqh_enable&quot;:false}\">\n\t\t\t\t\t\t\t<div class=\"elementor-background-overlay\"><\/div>\n\t\t\t\t\t\t\t<div class=\"elementor-container elementor-column-gap-default\">\n\t\t\t\t\t<div class=\"elementor-column elementor-col-100 elementor-top-column elementor-element elementor-element-5f11e64\" data-id=\"5f11e64\" data-element_type=\"column\">\n\t\t\t<div class=\"elementor-widget-wrap elementor-element-populated\">\n\t\t\t\t\t\t<div class=\"elementor-element elementor-element-2d06427 elementor-widget__width-initial ha-has-bg-overlay elementor-invisible elementor-widget elementor-widget-heading\" data-id=\"2d06427\" data-element_type=\"widget\" data-settings=\"{&quot;_animation&quot;:&quot;fadeInUp&quot;}\" data-widget_type=\"heading.default\">\n\t\t\t\t<div class=\"elementor-widget-container\">\n\t\t\t\t\t<h1 class=\"elementor-heading-title elementor-size-default\">Digitaler KI Potenzial-Check f\u00fcr Ihr Unternehmen<\/h1>\t\t\t\t<\/div>\n\t\t\t\t<\/div>\n\t\t\t\t<div class=\"elementor-element elementor-element-d73cc86 elementor-widget__width-initial elementor-widget elementor-widget-text-editor\" data-id=\"d73cc86\" data-element_type=\"widget\" data-widget_type=\"text-editor.default\">\n\t\t\t\t<div class=\"elementor-widget-container\">\n\t\t\t\t\t\t\t\t\t<ul><li>Der Wegbereiter f\u00fcr Ihre digitale Zukunft<\/li><li>Finden Sie heraus, wie es um den digitalen Reifegrad Ihres Unternehmens bestellt ist<\/li><li>Ihr Ergebnis in nur 10 Minuten<\/li><\/ul>\t\t\t\t\t\t\t\t<\/div>\n\t\t\t\t<\/div>\n\t\t\t\t\t<\/div>\n\t\t<\/div>\n\t\t\t\t\t<\/div>\n\t\t<\/section>\n\t\t\t\t<section class=\"elementor-section elementor-top-section elementor-element elementor-element-6f4cc05 introText elementor-section-boxed elementor-section-height-default elementor-section-height-default\" data-id=\"6f4cc05\" data-element_type=\"section\" data-settings=\"{&quot;_ha_eqh_enable&quot;:false}\">\n\t\t\t\t\t\t<div class=\"elementor-container elementor-column-gap-default\">\n\t\t\t\t\t<div class=\"elementor-column elementor-col-100 elementor-top-column elementor-element elementor-element-2d78abd\" data-id=\"2d78abd\" data-element_type=\"column\">\n\t\t\t<div class=\"elementor-widget-wrap elementor-element-populated\">\n\t\t\t\t\t\t<div class=\"elementor-element elementor-element-5ab4f60 elementor-widget elementor-widget-heading\" data-id=\"5ab4f60\" data-element_type=\"widget\" data-widget_type=\"heading.default\">\n\t\t\t\t<div class=\"elementor-widget-container\">\n\t\t\t\t\t<h2 class=\"elementor-heading-title elementor-size-default\">Danke f\u00fcr Ihre Teilnahme!<\/h2>\t\t\t\t<\/div>\n\t\t\t\t<\/div>\n\t\t\t\t<div class=\"elementor-element elementor-element-d35fdaf elementor-widget elementor-widget-text-editor\" data-id=\"d35fdaf\" data-element_type=\"widget\" data-widget_type=\"text-editor.default\">\n\t\t\t\t<div class=\"elementor-widget-container\">\n\t\t\t\t\t\t\t\t\t<p>Herzlichen Dank, dass Sie sich die Zeit genommen haben, unseren Test zum Digitalisierungsgrad Ihres Unternehmens durchzuf\u00fchren.<\/p><p>Ihre Ergebnisse wurden erfolgreich erfasst.<\/p><p>Was passiert als N\u00e4chstes?<\/p><p>Ergebniszusammenfassung: In K\u00fcrze erhalten Sie eine detaillierte R\u00fcckmeldung zu Ihrem Digitalisierungsgrad per E-Mail. Diese wird Ihnen nicht nur Ihren aktuellen Status aufzeigen, sondern auch Tipps zur weiteren Verbesserung geben.<\/p><p>Weiterf\u00fchrende Informationen: Falls Sie mehr \u00fcber die M\u00f6glichkeiten zur digitalen Transformation in Ihrem Unternehmen erfahren m\u00f6chten, halten wir auf unserem <a href=\"https:\/\/brayn.io\/en\/brayn-blog\/\">Blog<\/a>\u00a0weitere n\u00fctzliche Ressourcen f\u00fcr Sie bereit.<\/p><p>Bleiben Sie mit uns in Verbindung!<\/p><p>Folgen Sie uns auf <a href=\"https:\/\/www.linkedin.com\/company\/brayn-io\/\">LinkedIn<\/a>, um aktuelle Informationen zu digitalen Trends und Best Practices zu erhalten.<\/p>\t\t\t\t\t\t\t\t<\/div>\n\t\t\t\t<\/div>\n\t\t\t\t\t<\/div>\n\t\t<\/div>\n\t\t\t\t\t<\/div>\n\t\t<\/section>\n\t\t\t\t<\/div>","protected":false},"excerpt":{"rendered":"<p>Digitaler KI Potenzial-Check f\u00fcr Ihr Unternehmen Der Wegbereiter f\u00fcr Ihre digitale Zukunft Finden Sie heraus, wie es um den digitalen Reifegrad Ihres Unternehmens bestellt ist Ihr Ergebnis in nur 10 Minuten Danke f\u00fcr Ihre Teilnahme! Herzlichen Dank, dass Sie sich die Zeit genommen haben, unseren Test zum Digitalisierungsgrad Ihres Unternehmens durchzuf\u00fchren. Ihre Ergebnisse wurden erfolgreich [&hellip;]<\/p>","protected":false},"author":4,"featured_media":0,"parent":0,"menu_order":0,"comment_status":"closed","ping_status":"closed","template":"survey.php","meta":{"footnotes":""},"class_list":["post-15331","page","type-page","status-publish","hentry"],"yoast_head":"<!-- This site is optimized with the Yoast SEO plugin v26.2 - https:\/\/yoast.com\/wordpress\/plugins\/seo\/ -->\n<title>Umfrage - Danke | brayn.io<\/title>\n<meta name=\"robots\" content=\"index, follow, max-snippet:-1, max-image-preview:large, max-video-preview:-1\" \/>\n<link rel=\"canonical\" href=\"https:\/\/brayn.io\/en\/umfrage-danke\/\" \/>\n<meta property=\"og:locale\" content=\"en_US\" \/>\n<meta property=\"og:type\" content=\"article\" \/>\n<meta property=\"og:title\" content=\"Umfrage - Danke | brayn.io\" \/>\n<meta property=\"og:description\" content=\"Digitaler KI Potenzial-Check f\u00fcr Ihr Unternehmen Der Wegbereiter f\u00fcr Ihre digitale Zukunft Finden Sie heraus, wie es um den digitalen Reifegrad Ihres Unternehmens bestellt ist Ihr Ergebnis in nur 10 Minuten Danke f\u00fcr Ihre Teilnahme! Herzlichen Dank, dass Sie sich die Zeit genommen haben, unseren Test zum Digitalisierungsgrad Ihres Unternehmens durchzuf\u00fchren. Ihre Ergebnisse wurden erfolgreich [&hellip;]\" \/>\n<meta property=\"og:url\" content=\"https:\/\/brayn.io\/en\/umfrage-danke\/\" \/>\n<meta property=\"og:site_name\" content=\"brayn.io\" \/>\n<meta property=\"article:publisher\" content=\"https:\/\/www.facebook\/brayn.i0\" \/>\n<meta property=\"article:modified_time\" content=\"2024-09-26T08:56:04+00:00\" \/>\n<meta name=\"twitter:card\" content=\"summary_large_image\" \/>\n<meta name=\"twitter:label1\" content=\"Est. reading time\" \/>\n\t<meta name=\"twitter:data1\" content=\"1 minute\" \/>\n<script type=\"application\/ld+json\" class=\"yoast-schema-graph\">{\"@context\":\"https:\/\/schema.org\",\"@graph\":[{\"@type\":\"WebPage\",\"@id\":\"https:\/\/brayn.io\/umfrage-danke\/\",\"url\":\"https:\/\/brayn.io\/umfrage-danke\/\",\"name\":\"Umfrage - Danke | brayn.io\",\"isPartOf\":{\"@id\":\"https:\/\/brayn.io\/#website\"},\"datePublished\":\"2024-08-27T07:06:06+00:00\",\"dateModified\":\"2024-09-26T08:56:04+00:00\",\"breadcrumb\":{\"@id\":\"https:\/\/brayn.io\/umfrage-danke\/#breadcrumb\"},\"inLanguage\":\"en-US\",\"potentialAction\":[{\"@type\":\"ReadAction\",\"target\":[\"https:\/\/brayn.io\/umfrage-danke\/\"]}]},{\"@type\":\"BreadcrumbList\",\"@id\":\"https:\/\/brayn.io\/umfrage-danke\/#breadcrumb\",\"itemListElement\":[{\"@type\":\"ListItem\",\"position\":1,\"name\":\"Home\",\"item\":\"https:\/\/brayn.io\/\"},{\"@type\":\"ListItem\",\"position\":2,\"name\":\"Umfrage &#8211; Danke\"}]},{\"@type\":\"WebSite\",\"@id\":\"https:\/\/brayn.io\/#website\",\"url\":\"https:\/\/brayn.io\/\",\"name\":\"brayn.io\",\"description\":\"brayn.io\",\"potentialAction\":[{\"@type\":\"SearchAction\",\"target\":{\"@type\":\"EntryPoint\",\"urlTemplate\":\"https:\/\/brayn.io\/?s={search_term_string}\"},\"query-input\":{\"@type\":\"PropertyValueSpecification\",\"valueRequired\":true,\"valueName\":\"search_term_string\"}}],\"inLanguage\":\"en-US\"}]}<\/script>\n<!-- \/ Yoast SEO plugin. -->","yoast_head_json":{"title":"Umfrage - Danke | brayn.io","robots":{"index":"index","follow":"follow","max-snippet":"max-snippet:-1","max-image-preview":"max-image-preview:large","max-video-preview":"max-video-preview:-1"},"canonical":"https:\/\/brayn.io\/en\/umfrage-danke\/","og_locale":"en_US","og_type":"article","og_title":"Umfrage - Danke | brayn.io","og_description":"Digitaler KI Potenzial-Check f\u00fcr Ihr Unternehmen Der Wegbereiter f\u00fcr Ihre digitale Zukunft Finden Sie heraus, wie es um den digitalen Reifegrad Ihres Unternehmens bestellt ist Ihr Ergebnis in nur 10 Minuten Danke f\u00fcr Ihre Teilnahme! Herzlichen Dank, dass Sie sich die Zeit genommen haben, unseren Test zum Digitalisierungsgrad Ihres Unternehmens durchzuf\u00fchren. Ihre Ergebnisse wurden erfolgreich [&hellip;]","og_url":"https:\/\/brayn.io\/en\/umfrage-danke\/","og_site_name":"brayn.io","article_publisher":"https:\/\/www.facebook\/brayn.i0","article_modified_time":"2024-09-26T08:56:04+00:00","twitter_card":"summary_large_image","twitter_misc":{"Est. reading time":"1 minute"},"schema":{"@context":"https:\/\/schema.org","@graph":[{"@type":"WebPage","@id":"https:\/\/brayn.io\/umfrage-danke\/","url":"https:\/\/brayn.io\/umfrage-danke\/","name":"Umfrage - Danke | brayn.io","isPartOf":{"@id":"https:\/\/brayn.io\/#website"},"datePublished":"2024-08-27T07:06:06+00:00","dateModified":"2024-09-26T08:56:04+00:00","breadcrumb":{"@id":"https:\/\/brayn.io\/umfrage-danke\/#breadcrumb"},"inLanguage":"en-US","potentialAction":[{"@type":"ReadAction","target":["https:\/\/brayn.io\/umfrage-danke\/"]}]},{"@type":"BreadcrumbList","@id":"https:\/\/brayn.io\/umfrage-danke\/#breadcrumb","itemListElement":[{"@type":"ListItem","position":1,"name":"Home","item":"https:\/\/brayn.io\/"},{"@type":"ListItem","position":2,"name":"Umfrage &#8211; Danke"}]},{"@type":"WebSite","@id":"https:\/\/brayn.io\/#website","url":"https:\/\/brayn.io\/","name":"brayn.io","description":"brayn.io","potentialAction":[{"@type":"SearchAction","target":{"@type":"EntryPoint","urlTemplate":"https:\/\/brayn.io\/?s={search_term_string}"},"query-input":{"@type":"PropertyValueSpecification","valueRequired":true,"valueName":"search_term_string"}}],"inLanguage":"en-US"}]}},"_links":{"self":[{"href":"https:\/\/brayn.io\/en\/wp-json\/wp\/v2\/pages\/15331","targetHints":{"allow":["GET"]}}],"collection":[{"href":"https:\/\/brayn.io\/en\/wp-json\/wp\/v2\/pages"}],"about":[{"href":"https:\/\/brayn.io\/en\/wp-json\/wp\/v2\/types\/page"}],"author":[{"embeddable":true,"href":"https:\/\/brayn.io\/en\/wp-json\/wp\/v2\/users\/4"}],"replies":[{"embeddable":true,"href":"https:\/\/brayn.io\/en\/wp-json\/wp\/v2\/comments?post=15331"}],"version-history":[{"count":16,"href":"https:\/\/brayn.io\/en\/wp-json\/wp\/v2\/pages\/15331\/revisions"}],"predecessor-version":[{"id":15616,"href":"https:\/\/brayn.io\/en\/wp-json\/wp\/v2\/pages\/15331\/revisions\/15616"}],"wp:attachment":[{"href":"https:\/\/brayn.io\/en\/wp-json\/wp\/v2\/media?parent=15331"}],"curies":[{"name":"wp","href":"https:\/\/api.w.org\/{rel}","templated":true}]}}